{"id":4686,"date":"2017-03-13T15:27:41","date_gmt":"2017-03-13T15:27:41","guid":{"rendered":"http:\/\/rebellion.edge-themes.com\/?page_id=4686"},"modified":"2021-04-16T16:19:27","modified_gmt":"2021-04-16T16:19:27","slug":"about-me","status":"publish","type":"page","link":"https:\/\/www.baranyattila.hu\/?page_id=4686","title":{"rendered":"About Me"},"content":{"rendered":"<p>[vc_row row_type=&#8221;parallax&#8221; full_screen_section_height=&#8221;yes&#8221; css=&#8221;.vc_custom_1492006871310{padding-top: 0px !important;padding-bottom: 0px !important;}&#8221;][vc_column css=&#8221;.vc_custom_1490353407746{padding-right: 0px !important;padding-left: 0px !important;}&#8221; offset=&#8221;vc_col-lg-6 vc_col-md-6&#8243;]<div class=\"edgtf-elements-holder edgtf-responsive-mode-768\" ><div class=\"edgtf-elements-holder-item \" data-item-class=\"edgtf-elements-holder-custom-473620\" data-768-1024=\"36% 8% 30.1% 90px\" style=\"background-image: url()\">\n\t<div class=\"edgtf-elements-holder-item-inner\">\n\t\t<div class=\"edgtf-elements-holder-item-content edgtf-elements-holder-custom-473620\" style=\"padding: 41% 8% 28.1% 90px\">\n\t\t\t[vc_empty_space height=&#8221;412px&#8221;]\t\t<\/div>\n\t<\/div>\n<\/div><\/div>[\/vc_column][vc_column css=&#8221;.vc_custom_1489485412634{padding-right: 0px !important;padding-left: 0px !important;}&#8221; offset=&#8221;vc_col-lg-6 vc_col-md-6&#8243;]<div class=\"edgtf-elements-holder edgtf-responsive-mode-1280 edgtf-one-column-alignment-left\" ><div class=\"edgtf-elements-holder-item \" data-item-class=\"edgtf-elements-holder-custom-538792\" data-1280-1440=\"36.5% 11% 23.5% 91px\" data-1024-1280=\"24.8% 11% 23.5% 53px\" data-768-1024=\"20.5% 11% 15.5% 41px\" data-600-768=\"16.5% 20% 10.5% 110px\" data-480-600=\"16.5% 20% 10.5% 110px\" data-480=\"14.4% 12% 30% 53px\" style=\"background-image: url()\">\n\t<div class=\"edgtf-elements-holder-item-inner\">\n\t\t<div class=\"edgtf-elements-holder-item-content edgtf-elements-holder-custom-538792\" style=\"padding: 36% 8% 33.1% 90px\">\n\t\t\t[vc_column_text]<\/p>\n<h2 style=\"text-align: left;\"><span style=\"color: #ffffff;\">B\u00c1R\u00c1NY ATTILA<br \/>\n<\/span><\/h2>\n<h3 style=\"text-align: left;\"><span style=\"color: #7ac5cd;\">aka B-SENSUAL<br \/>\n<\/span><\/h3>\n<h6><\/h6>\n<h6><span style=\"color: #ffffff;\">K\u00f6vesd az \u00faj instagram oldalam: www.instagram.com\/djattilabarany<br \/>\n<\/span><\/h6>\n<p>[\/vc_column_text][vc_empty_space][vc_column_text]<\/p>\n<p style=\"text-align: left;\"><span style=\"color: #ffffff;\">Tal\u00e1n t\u00falz\u00e1s n\u00e9lk\u00fcl \u00e1ll\u00edthatjuk, hogy B\u00e1r\u00e1ny Attila az orsz\u00e1g egyik legismertebb \u00e9s legelismertebb lemezlovasa! M\u00e1r a 80-as \u00e9vekben a DJ pult m\u00f6g\u00f6tt \u00e1llt, az\u00f3ta a f\u0151v\u00e1ros legnagyobb klubjainak h\u00e1zigazd\u00e1jak\u00e9nt be\u00edrta mag\u00e1t a hazai klub \u00e9s dance t\u00f6rt\u00e9nelembe. Zenei vil\u00e1ga folyamatosan alakult, a funky, a rock \u00e9s az R&amp;B ut\u00e1n a house-ban \u00e9s az EDM-ben is megtal\u00e1lta egyedi st\u00edlus\u00e1t. R\u00e1di\u00f3s karrierje 1997-ben indult a legend\u00e1s Roxy R\u00e1di\u00f3ban, 2005 \u00f3ta DISCO*HIT m\u0171sora az\u00f3ta a R\u00e1di\u00f3 1-en fut. B-Sensual k\u00e9nt t\u00f6bb mint 300 saj\u00e1t dalt jegyez&#8230;<\/span><\/p>\n<p>[\/vc_column_text][vc_empty_space height=&#8221;120px&#8221;]\t\t<\/div>\n\t<\/div>\n<\/div><\/div>[\/vc_column][\/vc_row]<\/p>\n","protected":false},"excerpt":{"rendered":"<p>[vc_row row_type=&#8221;parallax&#8221; full_screen_section_height=&#8221;yes&#8221; css=&#8221;.vc_custom_1492006871310{padding-top: 0px !important;padding-bottom: 0px !important;}&#8221;][vc_column css=&#8221;.vc_custom_1490353407746{padding-right: 0px !important;padding-left: 0px !important;}&#8221; offset=&#8221;vc_col-lg-6 vc_col-md-6&#8243;][\/vc_column][vc_column css=&#8221;.vc_custom_1489485412634{padding-right: 0px !important;padding-left: 0px !important;}&#8221; offset=&#8221;vc_col-lg-6 vc_col-md-6&#8243;][\/vc_column][\/vc_row]<\/p>\n","protected":false},"author":1,"featured_media":0,"parent":0,"menu_order":0,"comment_status":"closed","ping_status":"closed","template":"full-width.php","meta":[],"_links":{"self":[{"href":"https:\/\/www.baranyattila.hu\/index.php?rest_route=\/wp\/v2\/pages\/4686"}],"collection":[{"href":"https:\/\/www.baranyattila.hu\/index.php?rest_route=\/wp\/v2\/pages"}],"about":[{"href":"https:\/\/www.baranyattila.hu\/index.php?rest_route=\/wp\/v2\/types\/page"}],"author":[{"embeddable":true,"href":"https:\/\/www.baranyattila.hu\/index.php?rest_route=\/wp\/v2\/users\/1"}],"replies":[{"embeddable":true,"href":"https:\/\/www.baranyattila.hu\/index.php?rest_route=%2Fwp%2Fv2%2Fcomments&post=4686"}],"version-history":[{"count":9,"href":"https:\/\/www.baranyattila.hu\/index.php?rest_route=\/wp\/v2\/pages\/4686\/revisions"}],"predecessor-version":[{"id":7141,"href":"https:\/\/www.baranyattila.hu\/index.php?rest_route=\/wp\/v2\/pages\/4686\/revisions\/7141"}],"wp:attachment":[{"href":"https:\/\/www.baranyattila.hu\/index.php?rest_route=%2Fwp%2Fv2%2Fmedia&parent=4686"}],"curies":[{"name":"wp","href":"https:\/\/api.w.org\/{rel}","templated":true}]}}